{"id":7771,"date":"2021-09-17T10:28:59","date_gmt":"2021-09-17T08:28:59","guid":{"rendered":"https:\/\/www.relaismirapeis.com\/explorer-decouvrir-ariege-occitanie\/explorer-et-decouvrir-les-pyrenees-lariege-et-loccitanie-nature-plein-air\/"},"modified":"2023-04-16T18:34:28","modified_gmt":"2023-04-16T16:34:28","slug":"nature-sport-plein-air","status":"publish","type":"page","link":"https:\/\/www.relaismirapeis.com\/fr\/accueil-home\/explorer-decouvrir-pyrenees-ariege-occitanie\/nature-sport-plein-air\/","title":{"rendered":"Nature, sports et plein air"},"content":{"rendered":"\t\t<div data-elementor-type=\"wp-post\" data-elementor-id=\"7771\" class=\"elementor elementor-7771\" data-elementor-post-type=\"page\">\n\t\t\t\t\t\t<div class=\"elementor-inner\">\n\t\t\t\t<div class=\"elementor-section-wrap\">\n\t\t\t\t\t\t\t\t\t<section class=\"elementor-section elementor-top-section elementor-element elementor-element-2e291d18 elementor-section-stretched elementor-section-height-min-height elementor-section-full_width elementor-section-height-default elementor-section-items-middle\" data-id=\"2e291d18\" data-element_type=\"section\" data-settings=\"{&quot;stretch_section&quot;:&quot;section-stretched&quot;,&quot;background_background&quot;:&quot;classic&quot;}\" data-e-bg-lazyload=\"\">\n\t\t\t\t\t\t\t<div class=\"elementor-background-overlay\"><\/div>\n\t\t\t\t\t\t\t<div class=\"elementor-container elementor-column-gap-default\">\n\t\t\t\t\t\t\t<div class=\"elementor-row\">\n\t\t\t\t\t<div class=\"elementor-column elementor-col-100 elementor-top-column elementor-element elementor-element-7568e395\" data-id=\"7568e395\" data-element_type=\"column\">\n\t\t\t<div class=\"elementor-column-wrap elementor-element-populated\">\n\t\t\t\t\t\t\t<div class=\"elementor-widget-wrap\">\n\t\t\t\t\t\t<div class=\"elementor-element elementor-element-5e915cbb elementor-invisible elementor-widget elementor-widget-heading\" data-id=\"5e915cbb\" data-element_type=\"widget\" data-settings=\"{&quot;_animation&quot;:&quot;fadeInUp&quot;}\" data-widget_type=\"heading.default\">\n\t\t\t\t<div class=\"elementor-widget-container\">\n\t\t\t<style>\/*! elementor - v3.15.0 - 20-08-2023 *\/\n.elementor-heading-title{padding:0;margin:0;line-height:1}.elementor-widget-heading .elementor-heading-title[class*=elementor-size-]>a{color:inherit;font-size:inherit;line-height:inherit}.elementor-widget-heading .elementor-heading-title.elementor-size-small{font-size:15px}.elementor-widget-heading .elementor-heading-title.elementor-size-medium{font-size:19px}.elementor-widget-heading .elementor-heading-title.elementor-size-large{font-size:29px}.elementor-widget-heading .elementor-heading-title.elementor-size-xl{font-size:39px}.elementor-widget-heading .elementor-heading-title.elementor-size-xxl{font-size:59px}<\/style><span class=\"elementor-heading-title elementor-size-default\">Explorer<\/span>\t\t<\/div>\n\t\t\t\t<\/div>\n\t\t\t\t<div class=\"elementor-element elementor-element-daeab31 elementor-invisible elementor-widget elementor-widget-heading\" data-id=\"daeab31\" data-element_type=\"widget\" data-settings=\"{&quot;_animation&quot;:&quot;fadeInUp&quot;}\" data-widget_type=\"heading.default\">\n\t\t\t\t<div class=\"elementor-widget-container\">\n\t\t\t<h1 class=\"elementor-heading-title elementor-size-default\">Nature &amp; Plein Air<\/h1>\t\t<\/div>\n\t\t\t\t<\/div>\n\t\t\t\t<div class=\"elementor-element elementor-element-31f2f9b1 elementor-invisible elementor-widget elementor-widget-heading\" data-id=\"31f2f9b1\" data-element_type=\"widget\" data-settings=\"{&quot;_animation&quot;:&quot;fadeInUp&quot;,&quot;_animation_delay&quot;:400}\" data-widget_type=\"heading.default\">\n\t\t\t\t<div class=\"elementor-widget-container\">\n\t\t\t<h2 class=\"elementor-heading-title elementor-size-default\">Ari\u00e8ge &amp; Pyr\u00e9n\u00e9es, une r\u00e9gion riche en escapades et \u00e9v\u00e9nements sportifs<\/h2>\t\t<\/div>\n\t\t\t\t<\/div>\n\t\t\t\t\t\t<\/div>\n\t\t\t\t\t<\/div>\n\t\t<\/div>\n\t\t\t\t\t\t\t\t<\/div>\n\t\t\t\t\t<\/div>\n\t\t<\/section>\n\t\t\t\t<section class=\"elementor-section elementor-top-section elementor-element elementor-element-67447d4 elementor-section-boxed elementor-section-height-default elementor-section-height-default\" data-id=\"67447d4\" data-element_type=\"section\">\n\t\t\t\t\t\t<div class=\"elementor-container elementor-column-gap-default\">\n\t\t\t\t\t\t\t<div class=\"elementor-row\">\n\t\t\t\t\t<div class=\"elementor-column elementor-col-100 elementor-top-column elementor-element elementor-element-b8fb72a\" data-id=\"b8fb72a\" data-element_type=\"column\">\n\t\t\t<div class=\"elementor-column-wrap elementor-element-populated\">\n\t\t\t\t\t\t\t<div class=\"elementor-widget-wrap\">\n\t\t\t\t\t\t<div class=\"elementor-element elementor-element-40ff373 elementor-invisible elementor-widget elementor-widget-heading\" data-id=\"40ff373\" data-element_type=\"widget\" data-settings=\"{&quot;_animation&quot;:&quot;fadeInUp&quot;}\" data-widget_type=\"heading.default\">\n\t\t\t\t<div class=\"elementor-widget-container\">\n\t\t\t<span class=\"elementor-heading-title elementor-size-default\">Une terre pr\u00e9serv\u00e9e, calme et authentique<\/span>\t\t<\/div>\n\t\t\t\t<\/div>\n\t\t\t\t<div class=\"elementor-element elementor-element-9c2740c elementor-invisible elementor-widget elementor-widget-heading\" data-id=\"9c2740c\" data-element_type=\"widget\" data-settings=\"{&quot;_animation&quot;:&quot;fadeInUp&quot;,&quot;_animation_delay&quot;:200}\" data-widget_type=\"heading.default\">\n\t\t\t\t<div class=\"elementor-widget-container\">\n\t\t\t<h2 class=\"elementor-heading-title elementor-size-default\">L\u2019Ari\u00e8ge, une destination riche en<\/br>activit\u00e9s sportives et naturelles<\/h2>\t\t<\/div>\n\t\t\t\t<\/div>\n\t\t\t\t<div class=\"elementor-element elementor-element-413e43f elementor-invisible elementor-widget elementor-widget-heading\" data-id=\"413e43f\" data-element_type=\"widget\" data-settings=\"{&quot;_animation&quot;:&quot;fadeInUp&quot;,&quot;_animation_delay&quot;:400}\" data-widget_type=\"heading.default\">\n\t\t\t\t<div class=\"elementor-widget-container\">\n\t\t\t<span class=\"elementor-heading-title elementor-size-default\">Pour des sorties familiales, d\u00e9couvertes entre amis, ou entre inconditionnels de la montagne<\/span>\t\t<\/div>\n\t\t\t\t<\/div>\n\t\t\t\t<div class=\"elementor-element elementor-element-e47e34b elementor-invisible elementor-widget elementor-widget-text-editor\" data-id=\"e47e34b\" data-element_type=\"widget\" data-settings=\"{&quot;_animation&quot;:&quot;fadeInUp&quot;,&quot;_animation_delay&quot;:600}\" data-widget_type=\"text-editor.default\">\n\t\t\t\t<div class=\"elementor-widget-container\">\n\t\t\t<style>\/*! elementor - v3.15.0 - 20-08-2023 *\/\n.elementor-widget-text-editor.elementor-drop-cap-view-stacked .elementor-drop-cap{background-color:#69727d;color:#fff}.elementor-widget-text-editor.elementor-drop-cap-view-framed .elementor-drop-cap{color:#69727d;border:3px solid;background-color:transparent}.elementor-widget-text-editor:not(.elementor-drop-cap-view-default) .elementor-drop-cap{margin-top:8px}.elementor-widget-text-editor:not(.elementor-drop-cap-view-default) .elementor-drop-cap-letter{width:1em;height:1em}.elementor-widget-text-editor .elementor-drop-cap{float:left;text-align:center;line-height:1;font-size:50px}.elementor-widget-text-editor .elementor-drop-cap-letter{display:inline-block}<\/style>\t\t\t\t\t<div class=\"elementor-text-editor elementor-clearfix\">\n\t\t\t\t<p class=\"p1\">Id\u00e9ale pour les amoureux de la nature, l&rsquo;Ari\u00e8ge regorge d&rsquo;activit\u00e9s sportives et de plein air. L&rsquo;endroit est propice tant \u00e0 la d\u00e9tente qu&rsquo;aux exploits sportifs des f\u00e9rus de sensations fortes.<br \/>Du tr\u00e9fonds des grottes ari\u00e9geoises aux plus hautes montagnes Pyr\u00e9n\u00e9ennes, randonn\u00e9es, circuits \u00e0 v\u00e9lo, canyoning, parapente et tant d&rsquo;autres activit\u00e9s vous attendent.<br \/>Les amateurs de comp\u00e9titions appr\u00e9cieront les trails locaux ou les plus belles courses de cyclisme qui existent. Les plus tranquilles pr\u00e9f\u00e8reront venir d\u00e9couvrir nos campagnes, nos rivi\u00e8res et nos lacs.<\/p>\n\t\t\t\t\t<\/div>\n\t\t\t\t\t\t<\/div>\n\t\t\t\t<\/div>\n\t\t\t\t\t\t<\/div>\n\t\t\t\t\t<\/div>\n\t\t<\/div>\n\t\t\t\t\t\t\t\t<\/div>\n\t\t\t\t\t<\/div>\n\t\t<\/section>\n\t\t\t\t<section class=\"elementor-section elementor-top-section elementor-element elementor-element-dde9d3d elementor-section-full_width elementor-section-height-default elementor-section-height-default\" data-id=\"dde9d3d\" data-element_type=\"section\">\n\t\t\t\t\t\t<div class=\"elementor-container elementor-column-gap-default\">\n\t\t\t\t\t\t\t<div class=\"elementor-row\">\n\t\t\t\t\t<div class=\"elementor-column elementor-col-100 elementor-top-column elementor-element elementor-element-e7fbe68\" data-id=\"e7fbe68\" data-element_type=\"column\">\n\t\t\t<div class=\"elementor-column-wrap elementor-element-populated\">\n\t\t\t\t\t\t\t<div class=\"elementor-widget-wrap\">\n\t\t\t\t\t\t<div class=\"elementor-element elementor-element-93fdcb5 elementor-grid-2 elementor-grid-tablet-2 elementor-grid-mobile-1 elementor-posts--thumbnail-top elementor-widget elementor-widget-posts\" data-id=\"93fdcb5\" data-element_type=\"widget\" data-settings=\"{&quot;classic_columns&quot;:&quot;2&quot;,&quot;classic_columns_tablet&quot;:&quot;2&quot;,&quot;classic_columns_mobile&quot;:&quot;1&quot;,&quot;classic_row_gap&quot;:{&quot;unit&quot;:&quot;px&quot;,&quot;size&quot;:35,&quot;sizes&quot;:[]},&quot;classic_row_gap_tablet&quot;:{&quot;unit&quot;:&quot;px&quot;,&quot;size&quot;:&quot;&quot;,&quot;sizes&quot;:[]},&quot;classic_row_gap_mobile&quot;:{&quot;unit&quot;:&quot;px&quot;,&quot;size&quot;:&quot;&quot;,&quot;sizes&quot;:[]}}\" data-widget_type=\"posts.classic\">\n\t\t\t\t<div class=\"elementor-widget-container\">\n\t\t\t<link rel=\"stylesheet\" href=\"https:\/\/www.relaismirapeis.com\/wp-content\/plugins\/elementor-pro\/assets\/css\/widget-posts.min.css\">\t\t<div class=\"elementor-posts-container elementor-posts elementor-posts--skin-classic elementor-grid\">\n\t\t\t\t<article class=\"elementor-post elementor-grid-item post-7666 post type-post status-publish format-standard has-post-thumbnail hentry category-culture category-culture-histoire category-explorer-notre-region-ariege-occitanie-pyrenees category-gastronomie category-histoire category-nature category-nature-plein-air category-nourriture category-plein-air category-vin tag-ariege-fr tag-mirapeis-fr tag-mirepoix-fr tag-occitanie-fr\">\n\t\t\t\t<a class=\"elementor-post__thumbnail__link\" href=\"https:\/\/www.relaismirapeis.com\/fr\/lariege-un-coin-de-campagne-a-couper-le-souffle\/\" target=&quot;_blank&quot;>\n\t\t\t<div class=\"elementor-post__thumbnail\"><img decoding=\"async\" width=\"1200\" height=\"666\" src=\"https:\/\/www.relaismirapeis.com\/wp-content\/uploads\/2021\/08\/credit-garance-cassien-pyrenees-hiver-matin1440x799-e1716896040254.jpg\" class=\"attachment-full size-full wp-image-7734\" alt=\"Pyr\u00e9n\u00e9es Ari\u00e9geoises\" loading=\"lazy\" srcset=\"https:\/\/www.relaismirapeis.com\/wp-content\/uploads\/2021\/08\/credit-garance-cassien-pyrenees-hiver-matin1440x799-e1716896040254.jpg 1200w, https:\/\/www.relaismirapeis.com\/wp-content\/uploads\/2021\/08\/credit-garance-cassien-pyrenees-hiver-matin1440x799-e1716896040254-300x167.jpg 300w, https:\/\/www.relaismirapeis.com\/wp-content\/uploads\/2021\/08\/credit-garance-cassien-pyrenees-hiver-matin1440x799-e1716896040254-1024x568.jpg 1024w, https:\/\/www.relaismirapeis.com\/wp-content\/uploads\/2021\/08\/credit-garance-cassien-pyrenees-hiver-matin1440x799-e1716896040254-768x426.jpg 768w\" sizes=\"(max-width: 1200px) 100vw, 1200px\" \/><\/div>\n\t\t<\/a>\n\t\t\t\t<div class=\"elementor-post__text\">\n\t\t\t\t<h3 class=\"elementor-post__title\">\n\t\t\t<a href=\"https:\/\/www.relaismirapeis.com\/fr\/lariege-un-coin-de-campagne-a-couper-le-souffle\/\" target=&quot;_blank&quot;>\n\t\t\t\tL&rsquo;Ari\u00e8ge, un coin de campagne \u00e0 couper le souffle\t\t\t<\/a>\n\t\t<\/h3>\n\t\t\n\t\t<a class=\"elementor-post__read-more\" href=\"https:\/\/www.relaismirapeis.com\/fr\/lariege-un-coin-de-campagne-a-couper-le-souffle\/\" aria-label=\"En savoir plus sur L&rsquo;Ari\u00e8ge, un coin de campagne \u00e0 couper le souffle\" target=\"_blank\">\n\t\t\tLire plus \u00bb\t\t<\/a>\n\n\t\t\t\t<\/div>\n\t\t\t\t<\/article>\n\t\t\t\t<article class=\"elementor-post elementor-grid-item post-7611 post type-post status-publish format-standard has-post-thumbnail hentry category-culture category-culture-histoire category-explorer-notre-region-ariege-occitanie-pyrenees category-gastronomie category-histoire category-nature category-nature-plein-air category-nourriture category-plein-air category-vin tag-ariege-fr tag-mirapeis-fr tag-mirepoix-fr tag-occitanie-fr\">\n\t\t\t\t<a class=\"elementor-post__thumbnail__link\" href=\"https:\/\/www.relaismirapeis.com\/fr\/la-medievale-et-animee-mirepoix\/\" target=&quot;_blank&quot;>\n\t\t\t<div class=\"elementor-post__thumbnail\"><img decoding=\"async\" width=\"1200\" height=\"400\" src=\"https:\/\/www.relaismirapeis.com\/wp-content\/uploads\/2023\/04\/relais-mirapeis-mirepoix-place-banniere-1200.jpg\" class=\"attachment-full size-full wp-image-17552\" alt=\"Comment venir au relais Mira Peis ou comment contacter le Relais Mira Peis\" loading=\"lazy\" srcset=\"https:\/\/www.relaismirapeis.com\/wp-content\/uploads\/2023\/04\/relais-mirapeis-mirepoix-place-banniere-1200.jpg 1200w, https:\/\/www.relaismirapeis.com\/wp-content\/uploads\/2023\/04\/relais-mirapeis-mirepoix-place-banniere-1200-300x100.jpg 300w, https:\/\/www.relaismirapeis.com\/wp-content\/uploads\/2023\/04\/relais-mirapeis-mirepoix-place-banniere-1200-1024x341.jpg 1024w, https:\/\/www.relaismirapeis.com\/wp-content\/uploads\/2023\/04\/relais-mirapeis-mirepoix-place-banniere-1200-768x256.jpg 768w, https:\/\/www.relaismirapeis.com\/wp-content\/uploads\/2023\/04\/relais-mirapeis-mirepoix-place-banniere-1200-200x67.jpg 200w, https:\/\/www.relaismirapeis.com\/wp-content\/uploads\/2023\/04\/relais-mirapeis-mirepoix-place-banniere-1200-24x8.jpg 24w, https:\/\/www.relaismirapeis.com\/wp-content\/uploads\/2023\/04\/relais-mirapeis-mirepoix-place-banniere-1200-36x12.jpg 36w, https:\/\/www.relaismirapeis.com\/wp-content\/uploads\/2023\/04\/relais-mirapeis-mirepoix-place-banniere-1200-48x16.jpg 48w\" sizes=\"(max-width: 1200px) 100vw, 1200px\" \/><\/div>\n\t\t<\/a>\n\t\t\t\t<div class=\"elementor-post__text\">\n\t\t\t\t<h3 class=\"elementor-post__title\">\n\t\t\t<a href=\"https:\/\/www.relaismirapeis.com\/fr\/la-medievale-et-animee-mirepoix\/\" target=&quot;_blank&quot;>\n\t\t\t\tLa m\u00e9di\u00e9vale et anim\u00e9e Mirepoix\t\t\t<\/a>\n\t\t<\/h3>\n\t\t\n\t\t<a class=\"elementor-post__read-more\" href=\"https:\/\/www.relaismirapeis.com\/fr\/la-medievale-et-animee-mirepoix\/\" aria-label=\"En savoir plus sur La m\u00e9di\u00e9vale et anim\u00e9e Mirepoix\" target=\"_blank\">\n\t\t\tLire plus \u00bb\t\t<\/a>\n\n\t\t\t\t<\/div>\n\t\t\t\t<\/article>\n\t\t\t\t<\/div>\n\t\t\n\t\t\t\t<\/div>\n\t\t\t\t<\/div>\n\t\t\t\t\t\t<\/div>\n\t\t\t\t\t<\/div>\n\t\t<\/div>\n\t\t\t\t\t\t\t\t<\/div>\n\t\t\t\t\t<\/div>\n\t\t<\/section>\n\t\t\t\t<section class=\"elementor-section elementor-top-section elementor-element elementor-element-852f7f1 elementor-section-full_width elementor-section-height-default elementor-section-height-default\" data-id=\"852f7f1\" data-element_type=\"section\">\n\t\t\t\t\t\t<div class=\"elementor-container elementor-column-gap-default\">\n\t\t\t\t\t\t\t<div class=\"elementor-row\">\n\t\t\t\t\t<div class=\"elementor-column elementor-col-100 elementor-top-column elementor-element elementor-element-c9fda0a\" data-id=\"c9fda0a\" data-element_type=\"column\">\n\t\t\t<div class=\"elementor-column-wrap\">\n\t\t\t\t\t\t\t<div class=\"elementor-widget-wrap\">\n\t\t\t\t\t\t\t\t<\/div>\n\t\t\t\t\t<\/div>\n\t\t<\/div>\n\t\t\t\t\t\t\t\t<\/div>\n\t\t\t\t\t<\/div>\n\t\t<\/section>\n\t\t\t\t\t\t\t\t\t<\/div>\n\t\t\t<\/div>\n\t\t\t\t\t<\/div>\n\t\t","protected":false},"excerpt":{"rendered":"<p>Explorer Nature &amp; Plein Air Ari\u00e8ge &amp; Pyr\u00e9n\u00e9es, une r\u00e9gion riche en escapades et \u00e9v\u00e9nements sportifs Une terre pr\u00e9serv\u00e9e, calme et authentique L\u2019Ari\u00e8ge, une destination<\/p>\n","protected":false},"author":1,"featured_media":0,"parent":6893,"menu_order":0,"comment_status":"closed","ping_status":"closed","template":"elementor_header_footer","meta":[],"aioseo_notices":[],"_links":{"self":[{"href":"https:\/\/www.relaismirapeis.com\/fr\/wp-json\/wp\/v2\/pages\/7771"}],"collection":[{"href":"https:\/\/www.relaismirapeis.com\/fr\/wp-json\/wp\/v2\/pages"}],"about":[{"href":"https:\/\/www.relaismirapeis.com\/fr\/wp-json\/wp\/v2\/types\/page"}],"author":[{"embeddable":true,"href":"https:\/\/www.relaismirapeis.com\/fr\/wp-json\/wp\/v2\/users\/1"}],"replies":[{"embeddable":true,"href":"https:\/\/www.relaismirapeis.com\/fr\/wp-json\/wp\/v2\/comments?post=7771"}],"version-history":[{"count":0,"href":"https:\/\/www.relaismirapeis.com\/fr\/wp-json\/wp\/v2\/pages\/7771\/revisions"}],"up":[{"embeddable":true,"href":"https:\/\/www.relaismirapeis.com\/fr\/wp-json\/wp\/v2\/pages\/6893"}],"wp:attachment":[{"href":"https:\/\/www.relaismirapeis.com\/fr\/wp-json\/wp\/v2\/media?parent=7771"}],"curies":[{"name":"wp","href":"https:\/\/api.w.org\/{rel}","templated":true}]}}